{"id":154,"date":"2022-04-29T02:23:55","date_gmt":"2022-04-29T02:23:55","guid":{"rendered":"https:\/\/gluefastmexico.com\/?page_id=154"},"modified":"2026-04-24T02:56:36","modified_gmt":"2026-04-24T02:56:36","slug":"nuestros-productos","status":"publish","type":"page","link":"https:\/\/gluefastmexico.com\/index.php\/nuestros-productos\/","title":{"rendered":"Nuestros Productos"},"content":{"rendered":"\t\t<div data-elementor-type=\"wp-page\" data-elementor-id=\"154\" class=\"elementor elementor-154\">\n\t\t\t\t\t\t<section class=\"elementor-section elementor-top-section elementor-element elementor-element-9beef24 elementor-section-boxed elementor-section-height-default elementor-section-height-default\" data-id=\"9beef24\" data-element_type=\"section\" data-e-type=\"section\">\n\t\t\t\t\t\t<div class=\"elementor-container elementor-column-gap-default\">\n\t\t\t\t\t<div class=\"elementor-column elementor-col-100 elementor-top-column elementor-element elementor-element-df00ed3\" data-id=\"df00ed3\" data-element_type=\"column\" data-e-type=\"column\">\n\t\t\t<div class=\"elementor-widget-wrap elementor-element-populated\">\n\t\t\t\t\t\t<div class=\"elementor-element elementor-element-12d7d25 elementor-widget elementor-widget-heading\" data-id=\"12d7d25\" data-element_type=\"widget\" data-e-type=\"widget\" data-widget_type=\"heading.default\">\n\t\t\t\t<div class=\"elementor-widget-container\">\n\t\t\t\t\t<h2 class=\"elementor-heading-title elementor-size-default\">Adhesivos Instant\u00e1neos<\/h2>\t\t\t\t<\/div>\n\t\t\t\t<\/div>\n\t\t\t\t\t<\/div>\n\t\t<\/div>\n\t\t\t\t\t<\/div>\n\t\t<\/section>\n\t\t\t\t<section class=\"elementor-section elementor-top-section elementor-element elementor-element-53ff5ac elementor-section-boxed elementor-section-height-default elementor-section-height-default\" data-id=\"53ff5ac\" data-element_type=\"section\" data-e-type=\"section\">\n\t\t\t\t\t\t<div class=\"elementor-container elementor-column-gap-default\">\n\t\t\t\t\t<div class=\"elementor-column elementor-col-50 elementor-top-column elementor-element elementor-element-5b6ae43\" data-id=\"5b6ae43\" data-element_type=\"column\" data-e-type=\"column\" data-settings=\"{&quot;background_background&quot;:&quot;classic&quot;}\">\n\t\t\t<div class=\"elementor-widget-wrap elementor-element-populated\">\n\t\t\t\t\t\t<div class=\"elementor-element elementor-element-d888058 elementor-widget elementor-widget-text-editor\" data-id=\"d888058\" data-element_type=\"widget\" data-e-type=\"widget\" data-widget_type=\"text-editor.default\">\n\t\t\t\t<div class=\"elementor-widget-container\">\n\t\t\t\t\t\t\t\t\t<p style=\"text-align: center;\"><span style=\"color: #404040;\">Mejor conocidos como SUPERGLUE o adhesivo instant\u00e1neo. <\/span><span style=\"color: #404040;\">Debido a su gran desempe\u00f1o y versatilidad seca. <\/span><span style=\"color: #404040;\">Por contacto con la humedad, son de secado muy r\u00e1pido y\u00a0 <\/span><span style=\"color: #404040;\">pega casi cualquier material instant\u00e1neamente.<\/span><\/p>\t\t\t\t\t\t\t\t<\/div>\n\t\t\t\t<\/div>\n\t\t\t\t\t<\/div>\n\t\t<\/div>\n\t\t\t\t<div class=\"elementor-column elementor-col-50 elementor-top-column elementor-element elementor-element-1ae9f7d\" data-id=\"1ae9f7d\" data-element_type=\"column\" data-e-type=\"column\">\n\t\t\t<div class=\"elementor-widget-wrap elementor-element-populated\">\n\t\t\t\t\t\t<div class=\"elementor-element elementor-element-347f0ff elementor-widget elementor-widget-image\" data-id=\"347f0ff\" data-element_type=\"widget\" data-e-type=\"widget\" data-widget_type=\"image.default\">\n\t\t\t\t<div class=\"elementor-widget-container\">\n\t\t\t\t\t\t\t\t\t\t\t\t\t\t\t<img fetchpriority=\"high\" decoding=\"async\" width=\"700\" height=\"550\" src=\"https:\/\/gluefastmexico.com\/wp-content\/uploads\/2026\/04\/FOTO-6.png\" class=\"attachment-large size-large wp-image-593\" alt=\"\" srcset=\"https:\/\/gluefastmexico.com\/wp-content\/uploads\/2026\/04\/FOTO-6.png 700w, https:\/\/gluefastmexico.com\/wp-content\/uploads\/2026\/04\/FOTO-6-300x236.png 300w\" sizes=\"(max-width: 700px) 100vw, 700px\" \/>\t\t\t\t\t\t\t\t\t\t\t\t\t\t\t<\/div>\n\t\t\t\t<\/div>\n\t\t\t\t\t<\/div>\n\t\t<\/div>\n\t\t\t\t\t<\/div>\n\t\t<\/section>\n\t\t\t\t<section class=\"elementor-section elementor-top-section elementor-element elementor-element-b9d07e4 elementor-section-boxed elementor-section-height-default elementor-section-height-default\" data-id=\"b9d07e4\" data-element_type=\"section\" data-e-type=\"section\">\n\t\t\t\t\t\t<div class=\"elementor-container elementor-column-gap-default\">\n\t\t\t\t\t<div class=\"elementor-column elementor-col-50 elementor-top-column elementor-element elementor-element-baadf65\" data-id=\"baadf65\" data-element_type=\"column\" data-e-type=\"column\">\n\t\t\t<div class=\"elementor-widget-wrap elementor-element-populated\">\n\t\t\t\t\t\t<div class=\"elementor-element elementor-element-c3ae066 elementor-widget elementor-widget-text-editor\" data-id=\"c3ae066\" data-element_type=\"widget\" data-e-type=\"widget\" data-widget_type=\"text-editor.default\">\n\t\t\t\t<div class=\"elementor-widget-container\">\n\t\t\t\t\t\t\t\t\t<p style=\"text-align: center;\"><span style=\"color: #404040;\">Adhesivos instant\u00e1neos utilizado por la industria en general <\/span><span style=\"color: #404040;\">para el pegado y montado de piezas en el proceso de producci\u00f3n, <\/span><span style=\"color: #404040;\">une r\u00e1pidamente pl\u00e1sticos, hules, metales y otros componentes. <\/span><br \/><span style=\"color: #404040;\">Utilizados en la industria automotriz, fabricaci\u00f3n de electrodom\u00e9sticos,\u00a0 <\/span><span style=\"color: #404040;\">refrigeradores, estufas, lavavajillas, TV, video juegos, etc.<\/span><\/p><p style=\"text-align: center;\"><span style=\"color: #404040;\">Existe una amplia gama de adhesivos instant\u00e1neos para su aplicaci\u00f3n, <\/span><span style=\"color: #404040;\">desde adhesivos capilares de muy baja viscosidad hasta adhesivos en gel.<\/span><\/p>\t\t\t\t\t\t\t\t<\/div>\n\t\t\t\t<\/div>\n\t\t\t\t\t<\/div>\n\t\t<\/div>\n\t\t\t\t<div class=\"elementor-column elementor-col-50 elementor-top-column elementor-element elementor-element-44316f4\" data-id=\"44316f4\" data-element_type=\"column\" data-e-type=\"column\">\n\t\t\t<div class=\"elementor-widget-wrap elementor-element-populated\">\n\t\t\t\t\t\t<div class=\"elementor-element elementor-element-4da6c21 elementor-widget elementor-widget-image\" data-id=\"4da6c21\" data-element_type=\"widget\" data-e-type=\"widget\" data-widget_type=\"image.default\">\n\t\t\t\t<div class=\"elementor-widget-container\">\n\t\t\t\t\t\t\t\t\t\t\t\t\t\t\t<img decoding=\"async\" width=\"612\" height=\"477\" src=\"https:\/\/gluefastmexico.com\/wp-content\/uploads\/2026\/04\/FOTO-4png.png\" class=\"attachment-large size-large wp-image-597\" alt=\"\" srcset=\"https:\/\/gluefastmexico.com\/wp-content\/uploads\/2026\/04\/FOTO-4png.png 612w, https:\/\/gluefastmexico.com\/wp-content\/uploads\/2026\/04\/FOTO-4png-300x234.png 300w\" sizes=\"(max-width: 612px) 100vw, 612px\" \/>\t\t\t\t\t\t\t\t\t\t\t\t\t\t\t<\/div>\n\t\t\t\t<\/div>\n\t\t\t\t\t<\/div>\n\t\t<\/div>\n\t\t\t\t\t<\/div>\n\t\t<\/section>\n\t\t\t\t<section class=\"elementor-section elementor-top-section elementor-element elementor-element-e6be145 elementor-section-boxed elementor-section-height-default elementor-section-height-default\" data-id=\"e6be145\" data-element_type=\"section\" data-e-type=\"section\">\n\t\t\t\t\t\t<div class=\"elementor-container elementor-column-gap-default\">\n\t\t\t\t\t<div class=\"elementor-column elementor-col-50 elementor-top-column elementor-element elementor-element-191b7e1\" data-id=\"191b7e1\" data-element_type=\"column\" data-e-type=\"column\">\n\t\t\t<div class=\"elementor-widget-wrap elementor-element-populated\">\n\t\t\t\t\t\t<div class=\"elementor-element elementor-element-5843f68 elementor-widget elementor-widget-text-editor\" data-id=\"5843f68\" data-element_type=\"widget\" data-e-type=\"widget\" data-widget_type=\"text-editor.default\">\n\t\t\t\t<div class=\"elementor-widget-container\">\n\t\t\t\t\t\t\t\t\t<p style=\"text-align: center;\"><span style=\"color: #404040;\">Adhesivo instant\u00e1neos para el ensamble y la reparaci\u00f3n de pl\u00e1sticos y hules. <\/span><span style=\"color: #404040;\">Disponible en\u00a0 <\/span><span style=\"color: #404040;\">presentaciones de viscosidad THIN, MEDIUM y HIGH.<\/span><\/p>\t\t\t\t\t\t\t\t<\/div>\n\t\t\t\t<\/div>\n\t\t\t\t\t<\/div>\n\t\t<\/div>\n\t\t\t\t<div class=\"elementor-column elementor-col-50 elementor-top-column elementor-element elementor-element-4503591\" data-id=\"4503591\" data-element_type=\"column\" data-e-type=\"column\">\n\t\t\t<div class=\"elementor-widget-wrap elementor-element-populated\">\n\t\t\t\t\t\t<div class=\"elementor-element elementor-element-36aa18b elementor-widget elementor-widget-image\" data-id=\"36aa18b\" data-element_type=\"widget\" data-e-type=\"widget\" data-widget_type=\"image.default\">\n\t\t\t\t<div class=\"elementor-widget-container\">\n\t\t\t\t\t\t\t\t\t\t\t\t\t\t\t<img decoding=\"async\" width=\"1007\" height=\"1024\" src=\"https:\/\/gluefastmexico.com\/wp-content\/uploads\/2026\/04\/FOTO-1-1007x1024.png\" class=\"attachment-large size-large wp-image-614\" alt=\"\" srcset=\"https:\/\/gluefastmexico.com\/wp-content\/uploads\/2026\/04\/FOTO-1-1007x1024.png 1007w, https:\/\/gluefastmexico.com\/wp-content\/uploads\/2026\/04\/FOTO-1-295x300.png 295w, https:\/\/gluefastmexico.com\/wp-content\/uploads\/2026\/04\/FOTO-1-768x781.png 768w, https:\/\/gluefastmexico.com\/wp-content\/uploads\/2026\/04\/FOTO-1.png 1134w\" sizes=\"(max-width: 1007px) 100vw, 1007px\" \/>\t\t\t\t\t\t\t\t\t\t\t\t\t\t\t<\/div>\n\t\t\t\t<\/div>\n\t\t\t\t\t<\/div>\n\t\t<\/div>\n\t\t\t\t\t<\/div>\n\t\t<\/section>\n\t\t\t\t<section class=\"elementor-section elementor-top-section elementor-element elementor-element-39e520a elementor-section-boxed elementor-section-height-default elementor-section-height-default\" data-id=\"39e520a\" data-element_type=\"section\" data-e-type=\"section\">\n\t\t\t\t\t\t<div class=\"elementor-container elementor-column-gap-default\">\n\t\t\t\t\t<div class=\"elementor-column elementor-col-50 elementor-top-column elementor-element elementor-element-2849a3a\" data-id=\"2849a3a\" data-element_type=\"column\" data-e-type=\"column\">\n\t\t\t<div class=\"elementor-widget-wrap elementor-element-populated\">\n\t\t\t\t\t\t<div class=\"elementor-element elementor-element-e8abd7c elementor-widget elementor-widget-text-editor\" data-id=\"e8abd7c\" data-element_type=\"widget\" data-e-type=\"widget\" data-widget_type=\"text-editor.default\">\n\t\t\t\t<div class=\"elementor-widget-container\">\n\t\t\t\t\t\t\t\t\t<p style=\"text-align: center;\"><span style=\"color: #404040;\">Hot Melt son adhesivos termofusibles a temperatura ambiente 100% s\u00f3lidos y al aplicar calor se funden para su aplicaci\u00f3n. Estos adhesivos son libres de solventes,\u00a0 su formulaci\u00f3n es 100% de materiales termopl\u00e1sticos no vol\u00e1tiles.<\/span><\/p><p style=\"text-align: center;\"><span style=\"color: #404040;\">*Adhesi\u00f3n<\/span><br \/><span style=\"color: #404040;\">*Velocidad de aplicaci\u00f3n<\/span><br \/><span style=\"color: #404040;\">*Tiempo abierto<\/span><br \/><span style=\"color: #404040;\">*Condiciones de empaque<\/span><br \/><span style=\"color: #404040;\">*Condiciones de uso final<\/span><\/p>\t\t\t\t\t\t\t\t<\/div>\n\t\t\t\t<\/div>\n\t\t\t\t\t<\/div>\n\t\t<\/div>\n\t\t\t\t<div class=\"elementor-column elementor-col-50 elementor-top-column elementor-element elementor-element-b9e0418\" data-id=\"b9e0418\" data-element_type=\"column\" data-e-type=\"column\">\n\t\t\t<div class=\"elementor-widget-wrap elementor-element-populated\">\n\t\t\t\t\t\t<div class=\"elementor-element elementor-element-35ad12c elementor-widget elementor-widget-image\" data-id=\"35ad12c\" data-element_type=\"widget\" data-e-type=\"widget\" data-widget_type=\"image.default\">\n\t\t\t\t<div class=\"elementor-widget-container\">\n\t\t\t\t\t\t\t\t\t\t\t\t\t\t\t<img loading=\"lazy\" decoding=\"async\" width=\"1024\" height=\"533\" src=\"https:\/\/gluefastmexico.com\/wp-content\/uploads\/2026\/04\/FOTO-21-1024x533.png\" class=\"attachment-large size-large wp-image-615\" alt=\"\" srcset=\"https:\/\/gluefastmexico.com\/wp-content\/uploads\/2026\/04\/FOTO-21-1024x533.png 1024w, https:\/\/gluefastmexico.com\/wp-content\/uploads\/2026\/04\/FOTO-21-300x156.png 300w, https:\/\/gluefastmexico.com\/wp-content\/uploads\/2026\/04\/FOTO-21-768x400.png 768w, https:\/\/gluefastmexico.com\/wp-content\/uploads\/2026\/04\/FOTO-21.png 1537w\" sizes=\"(max-width: 1024px) 100vw, 1024px\" \/>\t\t\t\t\t\t\t\t\t\t\t\t\t\t\t<\/div>\n\t\t\t\t<\/div>\n\t\t\t\t\t<\/div>\n\t\t<\/div>\n\t\t\t\t\t<\/div>\n\t\t<\/section>\n\t\t\t\t<section class=\"elementor-section elementor-top-section elementor-element elementor-element-3600d0e elementor-section-boxed elementor-section-height-default elementor-section-height-default\" data-id=\"3600d0e\" data-element_type=\"section\" data-e-type=\"section\">\n\t\t\t\t\t\t<div class=\"elementor-container elementor-column-gap-default\">\n\t\t\t\t\t<div class=\"elementor-column elementor-col-50 elementor-top-column elementor-element elementor-element-d733402\" data-id=\"d733402\" data-element_type=\"column\" data-e-type=\"column\">\n\t\t\t<div class=\"elementor-widget-wrap elementor-element-populated\">\n\t\t\t\t\t\t<div class=\"elementor-element elementor-element-2cacf85 elementor-widget elementor-widget-text-editor\" data-id=\"2cacf85\" data-element_type=\"widget\" data-e-type=\"widget\" data-widget_type=\"text-editor.default\">\n\t\t\t\t<div class=\"elementor-widget-container\">\n\t\t\t\t\t\t\t\t\t<p style=\"text-align: center;\"><span style=\"color: #404040;\">El PVA o mejor conocido como \u201cpegamento blanco\u201d es un adhesivo que contiene Alcohol Poli-vin\u00edlico, es usado en el hogar y en todo tipo de industrias en el mundo. \u00c9ste adhesivo al ser l\u00edquido es de f\u00e1cil\u00a0 aplicaci\u00f3n y al no contener solventes hace seguro su uso y almacenamiento.<\/span><\/p><p style=\"text-align: center;\"><span style=\"color: #404040;\">El control sobre las propiedades del adhesivo como lo son viscosidad, s\u00f3lidos y PH son sumamente importantes para el desempe\u00f1o de cada proceso y es por esto que contamos con un departamento de formulaci\u00f3n, para obtener el producto adecuado a cada necesidad.<\/span><\/p>\t\t\t\t\t\t\t\t<\/div>\n\t\t\t\t<\/div>\n\t\t\t\t\t<\/div>\n\t\t<\/div>\n\t\t\t\t<div class=\"elementor-column elementor-col-50 elementor-top-column elementor-element elementor-element-67f3b00\" data-id=\"67f3b00\" data-element_type=\"column\" data-e-type=\"column\">\n\t\t\t<div class=\"elementor-widget-wrap elementor-element-populated\">\n\t\t\t\t\t\t<div class=\"elementor-element elementor-element-fe158ad elementor-widget elementor-widget-image\" data-id=\"fe158ad\" data-element_type=\"widget\" data-e-type=\"widget\" data-widget_type=\"image.default\">\n\t\t\t\t<div class=\"elementor-widget-container\">\n\t\t\t\t\t\t\t\t\t\t\t\t\t\t\t<img loading=\"lazy\" decoding=\"async\" width=\"1024\" height=\"698\" src=\"https:\/\/gluefastmexico.com\/wp-content\/uploads\/2026\/04\/FOTO-20-1024x698.png\" class=\"attachment-large size-large wp-image-616\" alt=\"\" srcset=\"https:\/\/gluefastmexico.com\/wp-content\/uploads\/2026\/04\/FOTO-20-1024x698.png 1024w, https:\/\/gluefastmexico.com\/wp-content\/uploads\/2026\/04\/FOTO-20-300x204.png 300w, https:\/\/gluefastmexico.com\/wp-content\/uploads\/2026\/04\/FOTO-20-768x523.png 768w, https:\/\/gluefastmexico.com\/wp-content\/uploads\/2026\/04\/FOTO-20-1536x1046.png 1536w, https:\/\/gluefastmexico.com\/wp-content\/uploads\/2026\/04\/FOTO-20.png 1600w\" sizes=\"(max-width: 1024px) 100vw, 1024px\" \/>\t\t\t\t\t\t\t\t\t\t\t\t\t\t\t<\/div>\n\t\t\t\t<\/div>\n\t\t\t\t\t<\/div>\n\t\t<\/div>\n\t\t\t\t\t<\/div>\n\t\t<\/section>\n\t\t\t\t<section class=\"elementor-section elementor-top-section elementor-element elementor-element-f73bfb9 elementor-section-boxed elementor-section-height-default elementor-section-height-default\" data-id=\"f73bfb9\" data-element_type=\"section\" data-e-type=\"section\" data-settings=\"{&quot;background_background&quot;:&quot;classic&quot;}\">\n\t\t\t\t\t\t<div class=\"elementor-container elementor-column-gap-default\">\n\t\t\t\t\t<div class=\"elementor-column elementor-col-100 elementor-top-column elementor-element elementor-element-3f4f969\" data-id=\"3f4f969\" data-element_type=\"column\" data-e-type=\"column\">\n\t\t\t<div class=\"elementor-widget-wrap\">\n\t\t\t\t\t\t\t<\/div>\n\t\t<\/div>\n\t\t\t\t\t<\/div>\n\t\t<\/section>\n\t\t\t\t<\/div>\n\t\t","protected":false},"excerpt":{"rendered":"<p>Adhesivos Instant\u00e1neos Mejor conocidos como SUPERGLUE o adhesivo instant\u00e1neo. Debido a su gran desempe\u00f1o y versatilidad seca. Por contacto con la humedad, son de secado muy r\u00e1pido y\u00a0 pega casi cualquier material instant\u00e1neamente. Adhesivos instant\u00e1neos utilizado por la industria en general para el pegado y montado de piezas en el proceso de producci\u00f3n, une r\u00e1pidamente [&hellip;]<\/p>\n","protected":false},"author":1,"featured_media":0,"parent":0,"menu_order":0,"comment_status":"closed","ping_status":"closed","template":"","meta":{"om_disable_all_campaigns":false,"_monsterinsights_skip_tracking":false,"_monsterinsights_sitenote_active":false,"_monsterinsights_sitenote_note":"","_monsterinsights_sitenote_category":0,"site-sidebar-layout":"no-sidebar","site-content-layout":"page-builder","ast-site-content-layout":"default","site-content-style":"default","site-sidebar-style":"default","ast-global-header-display":"","ast-banner-title-visibility":"","ast-main-header-display":"","ast-hfb-above-header-display":"","ast-hfb-below-header-display":"","ast-hfb-mobile-header-display":"","site-post-title":"disabled","ast-breadcrumbs-content":"","ast-featured-img":"disabled","footer-sml-layout":"","ast-disable-related-posts":"","theme-transparent-header-meta":"","adv-header-id-meta":"","stick-header-meta":"","header-above-stick-meta":"","header-main-stick-meta":"","header-below-stick-meta":"","astra-migrate-meta-layouts":"default","ast-page-background-enabled":"default","ast-page-background-meta":{"desktop":{"background-color":"var(--ast-global-color-4)","background-image":"","background-repeat":"repeat","background-position":"center center","background-size":"auto","background-attachment":"scroll","background-type":"","background-media":"","overlay-type":"","overlay-color":"","overlay-opacity":"","overlay-gradient":""},"tablet":{"background-color":"","background-image":"","background-repeat":"repeat","background-position":"center center","background-size":"auto","background-attachment":"scroll","background-type":"","background-media":"","overlay-type":"","overlay-color":"","overlay-opacity":"","overlay-gradient":""},"mobile":{"background-color":"","background-image":"","background-repeat":"repeat","background-position":"center center","background-size":"auto","background-attachment":"scroll","background-type":"","background-media":"","overlay-type":"","overlay-color":"","overlay-opacity":"","overlay-gradient":""}},"ast-content-background-meta":{"desktop":{"background-color":"var(--ast-global-color-5)","background-image":"","background-repeat":"repeat","background-position":"center center","background-size":"auto","background-attachment":"scroll","background-type":"","background-media":"","overlay-type":"","overlay-color":"","overlay-opacity":"","overlay-gradient":""},"tablet":{"background-color":"var(--ast-global-color-5)","background-image":"","background-repeat":"repeat","background-position":"center center","background-size":"auto","background-attachment":"scroll","background-type":"","background-media":"","overlay-type":"","overlay-color":"","overlay-opacity":"","overlay-gradient":""},"mobile":{"background-color":"var(--ast-global-color-5)","background-image":"","background-repeat":"repeat","background-position":"center center","background-size":"auto","background-attachment":"scroll","background-type":"","background-media":"","overlay-type":"","overlay-color":"","overlay-opacity":"","overlay-gradient":""}},"footnotes":""},"class_list":["post-154","page","type-page","status-publish","hentry"],"aioseo_notices":[],"_links":{"self":[{"href":"https:\/\/gluefastmexico.com\/index.php\/wp-json\/wp\/v2\/pages\/154","targetHints":{"allow":["GET"]}}],"collection":[{"href":"https:\/\/gluefastmexico.com\/index.php\/wp-json\/wp\/v2\/pages"}],"about":[{"href":"https:\/\/gluefastmexico.com\/index.php\/wp-json\/wp\/v2\/types\/page"}],"author":[{"embeddable":true,"href":"https:\/\/gluefastmexico.com\/index.php\/wp-json\/wp\/v2\/users\/1"}],"replies":[{"embeddable":true,"href":"https:\/\/gluefastmexico.com\/index.php\/wp-json\/wp\/v2\/comments?post=154"}],"version-history":[{"count":74,"href":"https:\/\/gluefastmexico.com\/index.php\/wp-json\/wp\/v2\/pages\/154\/revisions"}],"predecessor-version":[{"id":619,"href":"https:\/\/gluefastmexico.com\/index.php\/wp-json\/wp\/v2\/pages\/154\/revisions\/619"}],"wp:attachment":[{"href":"https:\/\/gluefastmexico.com\/index.php\/wp-json\/wp\/v2\/media?parent=154"}],"curies":[{"name":"wp","href":"https:\/\/api.w.org\/{rel}","templated":true}]}}